{"id":10,"date":"2023-04-26T16:27:04","date_gmt":"2023-04-26T16:27:04","guid":{"rendered":"https:\/\/saluartandwine.com\/?page_id=10"},"modified":"2023-10-04T20:16:37","modified_gmt":"2023-10-04T18:16:37","slug":"condiciones","status":"publish","type":"page","link":"https:\/\/saluartandwine.com\/en\/condiciones\/","title":{"rendered":"Condiciones de Contrataci\u00f3n y Pol\u00edtica de Cancelaci\u00f3n"},"content":{"rendered":"<div data-elementor-type=\"wp-page\" data-elementor-id=\"10\" class=\"elementor elementor-10\" data-elementor-post-type=\"page\">\n\t\t\t\t<section class=\"elementor-section elementor-top-section elementor-element elementor-element-718d7e4c elementor-section-boxed elementor-section-height-default elementor-section-height-default\" data-id=\"718d7e4c\" data-element_type=\"section\" data-e-type=\"section\">\n\t\t\t\t\t\t<div class=\"elementor-container elementor-column-gap-default\">\n\t\t\t\t\t<div class=\"elementor-column elementor-col-100 elementor-top-column elementor-element elementor-element-178abaad\" data-id=\"178abaad\" data-element_type=\"column\" data-e-type=\"column\">\n\t\t\t<div class=\"elementor-widget-wrap elementor-element-populated\">\n\t\t\t\t\t\t<div data-dce-title-color=\"#000000\" class=\"elementor-element elementor-element-83bf29f elementor-widget elementor-widget-heading\" data-id=\"83bf29f\" data-element_type=\"widget\" data-e-type=\"widget\" data-widget_type=\"heading.default\">\n\t\t\t\t<div class=\"elementor-widget-container\">\n\t\t\t\t\t<h2 class=\"elementor-heading-title elementor-size-default\">Condiciones de Contrataci\u00f3n<\/h2>\t\t\t\t<\/div>\n\t\t\t\t<\/div>\n\t\t\t\t<div data-dce-text-color=\"#000000\" class=\"elementor-element elementor-element-2cee1a9d elementor-widget elementor-widget-text-editor\" data-id=\"2cee1a9d\" data-element_type=\"widget\" data-e-type=\"widget\" data-widget_type=\"text-editor.default\">\n\t\t\t\t<div class=\"elementor-widget-container\">\n\t\t\t\t\t\t\t\t\t<p><\/p>\n<p class=\"p1\">La reserva a uno de nuestros eventos supone la aceptaci\u00f3n de las siguientes condiciones: esta reserva dispone de diferentes medidas de seguridad.&nbsp;<\/p><p class=\"p1\">Se reserva el derecho de admisi\u00f3n.<\/p>\n<p class=\"p1\">El p\u00fablico asistente podr\u00e1 aparecer en im\u00e1genes tomadas por diferentes medios para su posterior difusi\u00f3n a trav\u00e9s de cualquier medio de comunicaci\u00f3n. El p\u00fablico asistente al evento autoriza expresamente y a t\u00edtulo gratuito la captaci\u00f3n y fijaci\u00f3n de su imagen y voz durante el<span class=\"Apple-converted-space\">&nbsp; <\/span>evento y su posterior difusi\u00f3n por la organizaci\u00f3n o terceros autorizados por \u00e9sta a trav\u00e9s de cualquier medio de comunicaci\u00f3n, consintiendo expresamente un uso promocional y\/o comercial de las im\u00e1genes captadas.&nbsp;<\/p><p class=\"p1\">De igual forma, el p\u00fablico asistente cede al Organizador, a t\u00edtulo gratuito, el contenido patrimonial del derecho a la propia imagen, sin limitaci\u00f3n temporal y espacial, para su difusi\u00f3n en cualquier medio o mediante cualquier forma de comunicaci\u00f3n, incluido su nombre en cualquier tipo de publicidad, promoci\u00f3n, publicaci\u00f3n (incluido Internet), o cualquier otro medio, incluso con fines promocionales o informativos, as\u00ed como su exhibici\u00f3n en cualquier medio y\/o soporte.<\/p>\n<p class=\"p1\">Las siguientes actividades tambi\u00e9n est\u00e1n <b>prohibidas expl\u00edcitamente<\/b>:&nbsp;<b>\u00abVenta de bebidas alcoh\u00f3licas a menores de 18 a\u00f1os\u00bb.&nbsp;<\/b><\/p>\n<p><\/p>\t\t\t\t\t\t\t\t<\/div>\n\t\t\t\t<\/div>\n\t\t\t\t\t<\/div>\n\t\t<\/div>\n\t\t\t\t\t<\/div>\n\t\t<\/section>\n\t\t\t\t<section class=\"elementor-section elementor-top-section elementor-element elementor-element-c607b19 elementor-section-boxed elementor-section-height-default elementor-section-height-default\" data-id=\"c607b19\" data-element_type=\"section\" data-e-type=\"section\">\n\t\t\t\t\t\t<div class=\"elementor-container elementor-column-gap-default\">\n\t\t\t\t\t<div class=\"elementor-column elementor-col-100 elementor-top-column elementor-element elementor-element-2458c01\" data-id=\"2458c01\" data-element_type=\"column\" data-e-type=\"column\">\n\t\t\t<div class=\"elementor-widget-wrap elementor-element-populated\">\n\t\t\t\t\t\t<div data-dce-title-color=\"#000000\" class=\"elementor-element elementor-element-4da5855 elementor-widget elementor-widget-heading\" data-id=\"4da5855\" data-element_type=\"widget\" data-e-type=\"widget\" data-widget_type=\"heading.default\">\n\t\t\t\t<div class=\"elementor-widget-container\">\n\t\t\t\t\t<h2 class=\"elementor-heading-title elementor-size-default\">Pol\u00edtica de cancelaci\u00f3n<\/h2>\t\t\t\t<\/div>\n\t\t\t\t<\/div>\n\t\t\t\t<div data-dce-text-color=\"#000000\" class=\"elementor-element elementor-element-b30b3fb elementor-widget elementor-widget-text-editor\" data-id=\"b30b3fb\" data-element_type=\"widget\" data-e-type=\"widget\" data-widget_type=\"text-editor.default\">\n\t\t\t\t<div class=\"elementor-widget-container\">\n\t\t\t\t\t\t\t\t\t<p><\/p>\n<p>Una vez realizada la reserva:<\/p>\n<ul>\n<li>Se permita la cancelaci\u00f3n hasta 30 d\u00edas antes de la actividad.<\/li>\n<li>Se permita la modificaci\u00f3n hasta 15 d\u00edas antes de la fecha de la actividad. Si se desea modificar en menos de 15 d\u00edas de antelaci\u00f3n se pierde el 60% del importe manteniendo el 40% restante para poder reservar otro d\u00eda.<\/li>\n<li>Las cancelaciones hechas el mismo d\u00eda de la experiencia no son reembolsables.<\/li>\n<li>La actividad requiere de un m\u00ednimo de personas, si por cualquier motivo no se llegase a ese m\u00ednimo, se podr\u00e1 cambiar de fecha o se har\u00e1 la devoluci\u00f3n del pago.<\/li>\n<li>Para eventos privados se requiere pago del 50% del monto total en 48 horas para asegurar la reserva del d\u00eda y el 50% restante se deber\u00e1 de abonar 7 d\u00edas antes de la actividad.<\/li>\n<li>Los eventos privados se podr\u00e1n modificar de d\u00eda 15 d\u00edas antes de la actividad. Si se avisa en menos de ese periodo se perder\u00e1 el 65% del importe, pero el 35% restante quedar\u00e1 como cr\u00e9dito para siguientes reservas. No se realizan devoluciones.<\/li>\n<li>Edad: Permitida la entrada a ni\u00f1os a partir de 3 a\u00f1os, siempre acompa\u00f1ados de un adulto. Todos los participantes han de tener ticket de entrada para poder estar en la actividad, exceptuando beb\u00e9 (0-1 a\u00f1o)<\/li>\n<li>Las Tarjetas Regalo no son reembolsables.<\/li>\n<\/ul>\n<p>\u00a0<\/p>\n<p><strong>Importante:<\/strong> Las cancelaciones deben realizarse a trav\u00e9s del correo electr\u00f3nico <strong>reservas@saluartandwine.com<\/strong> o por <strong>WhatsApp 613 915 945<\/strong>.<\/p>\n<p><\/p>\t\t\t\t\t\t\t\t<\/div>\n\t\t\t\t<\/div>\n\t\t\t\t\t<\/div>\n\t\t<\/div>\n\t\t\t\t\t<\/div>\n\t\t<\/section>\t\t<\/div>","protected":false},"excerpt":{"rendered":"<p>Condiciones de Contrataci\u00f3n La reserva a uno de nuestros eventos supone la aceptaci\u00f3n de las siguientes condiciones: esta reserva dispone de diferentes medidas de seguridad.&nbsp; Se reserva el derecho de admisi\u00f3n. El p\u00fablico asistente podr\u00e1 aparecer en im\u00e1genes tomadas por diferentes medios para su posterior difusi\u00f3n a trav\u00e9s de cualquier medio de comunicaci\u00f3n. El p\u00fablico [&hellip;]<\/p>\n","protected":false},"author":2,"featured_media":0,"parent":0,"menu_order":0,"comment_status":"closed","ping_status":"closed","template":"","meta":{"_acf_changed":false,"_eb_attr":"","footnotes":""},"class_list":["post-10","page","type-page","status-publish","hentry"],"acf":[],"_links":{"self":[{"href":"https:\/\/saluartandwine.com\/en\/wp-json\/wp\/v2\/pages\/10"}],"collection":[{"href":"https:\/\/saluartandwine.com\/en\/wp-json\/wp\/v2\/pages"}],"about":[{"href":"https:\/\/saluartandwine.com\/en\/wp-json\/wp\/v2\/types\/page"}],"author":[{"embeddable":true,"href":"https:\/\/saluartandwine.com\/en\/wp-json\/wp\/v2\/users\/2"}],"replies":[{"embeddable":true,"href":"https:\/\/saluartandwine.com\/en\/wp-json\/wp\/v2\/comments?post=10"}],"version-history":[{"count":8,"href":"https:\/\/saluartandwine.com\/en\/wp-json\/wp\/v2\/pages\/10\/revisions"}],"predecessor-version":[{"id":1919,"href":"https:\/\/saluartandwine.com\/en\/wp-json\/wp\/v2\/pages\/10\/revisions\/1919"}],"wp:attachment":[{"href":"https:\/\/saluartandwine.com\/en\/wp-json\/wp\/v2\/media?parent=10"}],"curies":[{"name":"wp","href":"https:\/\/api.w.org\/{rel}","templated":true}]}}