{"id":387,"date":"2023-04-28T18:36:49","date_gmt":"2023-04-28T18:36:49","guid":{"rendered":"https:\/\/saluartandwine.com\/?page_id=387"},"modified":"2025-02-24T23:19:07","modified_gmt":"2025-02-24T21:19:07","slug":"nosotras","status":"publish","type":"page","link":"https:\/\/saluartandwine.com\/en\/nosotras\/","title":{"rendered":"About Us"},"content":{"rendered":"\t\t<div data-elementor-type=\"wp-page\" data-elementor-id=\"387\" class=\"elementor elementor-387\" data-elementor-post-type=\"page\">\n\t\t\t\t\t\t<section class=\"elementor-section elementor-top-section elementor-element elementor-element-54aadfc elementor-section-full_width elementor-section-height-default elementor-section-height-default\" data-id=\"54aadfc\" data-element_type=\"section\" data-e-type=\"section\">\n\t\t\t\t\t\t\t<div class=\"elementor-background-overlay\"><\/div>\n\t\t\t\t\t\t\t<div class=\"elementor-container elementor-column-gap-default\">\n\t\t\t\t\t<div class=\"elementor-column elementor-col-100 elementor-top-column elementor-element elementor-element-e555a61\" data-id=\"e555a61\" data-element_type=\"column\" data-e-type=\"column\">\n\t\t\t<div class=\"elementor-widget-wrap\">\n\t\t\t\t\t\t\t<\/div>\n\t\t<\/div>\n\t\t\t\t\t<\/div>\n\t\t<\/section>\n\t\t\t\t<section class=\"elementor-section elementor-top-section elementor-element elementor-element-8b99566 elementor-section-boxed elementor-section-height-default elementor-section-height-default\" data-id=\"8b99566\" data-element_type=\"section\" data-e-type=\"section\">\n\t\t\t\t\t\t<div class=\"elementor-container elementor-column-gap-default\">\n\t\t\t\t\t<div class=\"elementor-column elementor-col-100 elementor-top-column elementor-element elementor-element-0d9cedf\" data-id=\"0d9cedf\" data-element_type=\"column\" data-e-type=\"column\">\n\t\t\t<div class=\"elementor-widget-wrap\">\n\t\t\t\t\t\t\t<\/div>\n\t\t<\/div>\n\t\t\t\t\t<\/div>\n\t\t<\/section>\n\t\t\t\t<section class=\"elementor-section elementor-top-section elementor-element elementor-element-10bbbcb elementor-section-boxed elementor-section-height-default elementor-section-height-default\" data-id=\"10bbbcb\" data-element_type=\"section\" data-e-type=\"section\">\n\t\t\t\t\t\t<div class=\"elementor-container elementor-column-gap-default\">\n\t\t\t\t\t<div class=\"elementor-column elementor-col-100 elementor-top-column elementor-element elementor-element-f7fe431\" data-id=\"f7fe431\" data-element_type=\"column\" data-e-type=\"column\">\n\t\t\t<div class=\"elementor-widget-wrap\">\n\t\t\t\t\t\t\t<\/div>\n\t\t<\/div>\n\t\t\t\t\t<\/div>\n\t\t<\/section>\n\t\t\t\t<section data-dce-background-overlay-color=\"#55DDC6\" class=\"elementor-section elementor-top-section elementor-element elementor-element-df14240 elementor-section-boxed elementor-section-height-default elementor-section-height-default\" data-id=\"df14240\" data-element_type=\"section\" data-e-type=\"section\">\n\t\t\t\t\t\t\t<div class=\"elementor-background-overlay\"><\/div>\n\t\t\t\t\t\t\t<div class=\"elementor-container elementor-column-gap-default\">\n\t\t\t\t\t<div class=\"elementor-column elementor-col-100 elementor-top-column elementor-element elementor-element-8f250e8\" data-id=\"8f250e8\" data-element_type=\"column\" data-e-type=\"column\" data-settings=\"{&quot;background_background&quot;:&quot;classic&quot;}\">\n\t\t\t<div class=\"elementor-widget-wrap elementor-element-populated\">\n\t\t\t\t\t\t<div data-dce-title-color=\"#EF6646\" class=\"elementor-element elementor-element-7848dd8 elementor-widget__width-initial elementor-widget elementor-widget-heading\" data-id=\"7848dd8\" data-element_type=\"widget\" data-e-type=\"widget\" data-widget_type=\"heading.default\">\n\t\t\t\t<div class=\"elementor-widget-container\">\n\t\t\t\t\t<h2 class=\"elementor-heading-title elementor-size-default\">Somos Sal\u00fa Art &amp; Wine<\/h2>\t\t\t\t<\/div>\n\t\t\t\t<\/div>\n\t\t\t\t\t<\/div>\n\t\t<\/div>\n\t\t\t\t\t<\/div>\n\t\t<\/section>\n\t\t\t\t<section class=\"elementor-section elementor-top-section elementor-element elementor-element-562e7cd elementor-section-boxed elementor-section-height-default elementor-section-height-default\" data-id=\"562e7cd\" data-element_type=\"section\" data-e-type=\"section\">\n\t\t\t\t\t\t<div class=\"elementor-container elementor-column-gap-default\">\n\t\t\t\t\t<div class=\"elementor-column elementor-col-50 elementor-top-column elementor-element elementor-element-701fac0\" data-id=\"701fac0\" data-element_type=\"column\" data-e-type=\"column\">\n\t\t\t<div class=\"elementor-widget-wrap elementor-element-populated\">\n\t\t\t\t\t\t<div class=\"dce-visibility-element-hidden dce-visibility-original-content elementor-element elementor-element-6f99e61 elementor-widget__width-initial dce_masking-none elementor-widget elementor-widget-image\" data-id=\"6f99e61\" data-element_type=\"widget\" data-e-type=\"widget\" data-settings=\"{&quot;enabled_visibility&quot;:&quot;yes&quot;}\" data-widget_type=\"image.default\">\n\t\t\t\t<div class=\"elementor-widget-container\">\n\t\t\t\t\t\t\t\t\t\t\t\t\t\t\t<img fetchpriority=\"high\" decoding=\"async\" width=\"800\" height=\"400\" src=\"https:\/\/saluartandwine.com\/wp-content\/uploads\/2024\/06\/Yellow-White-Bold-Collage-Fashion-Product-Introduction-Landscape-Banner-1-1024x512.png\" class=\"attachment-large size-large wp-image-3907\" alt=\"\" srcset=\"https:\/\/saluartandwine.com\/wp-content\/uploads\/2024\/06\/Yellow-White-Bold-Collage-Fashion-Product-Introduction-Landscape-Banner-1-1024x512.png 1024w, https:\/\/saluartandwine.com\/wp-content\/uploads\/2024\/06\/Yellow-White-Bold-Collage-Fashion-Product-Introduction-Landscape-Banner-1-300x150.png 300w, https:\/\/saluartandwine.com\/wp-content\/uploads\/2024\/06\/Yellow-White-Bold-Collage-Fashion-Product-Introduction-Landscape-Banner-1-768x384.png 768w, https:\/\/saluartandwine.com\/wp-content\/uploads\/2024\/06\/Yellow-White-Bold-Collage-Fashion-Product-Introduction-Landscape-Banner-1-1536x768.png 1536w, https:\/\/saluartandwine.com\/wp-content\/uploads\/2024\/06\/Yellow-White-Bold-Collage-Fashion-Product-Introduction-Landscape-Banner-1-2048x1024.png 2048w, https:\/\/saluartandwine.com\/wp-content\/uploads\/2024\/06\/Yellow-White-Bold-Collage-Fashion-Product-Introduction-Landscape-Banner-1-18x9.png 18w, https:\/\/saluartandwine.com\/wp-content\/uploads\/2024\/06\/Yellow-White-Bold-Collage-Fashion-Product-Introduction-Landscape-Banner-1-600x300.png 600w\" sizes=\"(max-width: 800px) 100vw, 800px\" \/>\t\t\t\t\t\t\t\t\t\t\t\t\t\t\t<\/div>\n\t\t\t\t<\/div>\n\t\t\t\t\t<\/div>\n\t\t<\/div>\n\t\t\t\t<div class=\"elementor-column elementor-col-50 elementor-top-column elementor-element elementor-element-4783713\" data-id=\"4783713\" data-element_type=\"column\" data-e-type=\"column\">\n\t\t\t<div class=\"elementor-widget-wrap elementor-element-populated\">\n\t\t\t\t\t\t<div data-dce-text-color=\"#000000\" class=\"elementor-element elementor-element-e01bf42 elementor-widget__width-initial elementor-widget elementor-widget-text-editor\" data-id=\"e01bf42\" data-element_type=\"widget\" data-e-type=\"widget\" data-widget_type=\"text-editor.default\">\n\t\t\t\t<div class=\"elementor-widget-container\">\n\t\t\t\t\t\t\t\t\t<h4>Sal\u00fa naci\u00f3 con un prop\u00f3sito: ser una experiencia Art and Wine \u00fanica que permita a todos conectar con su propia creatividad y compartir con otras personas momentos divertidos e inolvidables.<\/h4><p>Sal\u00fa Art &amp; Wine es un proyecto tan hermoso, que tiene vida propia. Somos un estudio de arte y vino nacido en Valencia. No somos franquicia. Somos una iniciativa Art and Wine independiente, nacida en Ruzafa, un barrio ecl\u00e9ctico lleno color y vida en pleno coraz\u00f3n de La Terreta.<\/p><p>En cada experiencia, procuramos personalmente que lo pas\u00e9is lo mejor posible poniendo a vuestra disposici\u00f3n todos los recursos materiales y humanos para construir un ambiente creativo \u00f3ptimo.<\/p><p>Sin importa vuestro nivel de habilidad o experiencia, podr\u00e9is disfrutar del arte, conectaros con el momento y\u00a0 las personas y descubrir la magia de la creatividad.<\/p><p>El plan: que liber\u00e9is vuestra creatividad y pint\u00e9is vuestra propia obra de arte mientras disfrut\u00e1is de grata compa\u00f1\u00eda, buena m\u00fasica y excelentes vinos y tapas locales.<\/p><p>Si dese\u00e1is saber un poco m\u00e1s de Sal\u00fa Art and Wine, visitad nuestras redes sociales:<\/p><p>Instagram: <a href=\"https:\/\/www.instagram.com\/saluartandwine\/\" target=\"_blank\" rel=\"noopener\">@saluartandwine<\/a><br \/>Website: <a href=\"https:\/\/saluartandwine.com\/\">saluartandwine.com<\/a><\/p><p>Contacto WhatsApp <a href=\"tel:+34627337731\" target=\"_blank\" rel=\"noopener\">+34 627337731<\/a><\/p><h4><strong>\u00bfOs anim\u00e1is? \u00a1Os esperamos!\u00a0<\/strong><\/h4>\t\t\t\t\t\t\t\t<\/div>\n\t\t\t\t<\/div>\n\t\t<!-- dce invisible element f6748c4 -->\t\t\t<\/div>\n\t\t<\/div>\n\t\t\t\t\t<\/div>\n\t\t<\/section>\n\t\t\t\t<section class=\"elementor-section elementor-top-section elementor-element elementor-element-76384b33 elementor-section-content-middle elementor-section-boxed elementor-section-height-default elementor-section-height-default\" data-id=\"76384b33\" data-element_type=\"section\" data-e-type=\"section\" id=\"contacto\" data-settings=\"{&quot;background_background&quot;:&quot;classic&quot;}\">\n\t\t\t\t\t\t<div class=\"elementor-container elementor-column-gap-no\">\n\t\t\t\t\t<div class=\"elementor-column elementor-col-50 elementor-top-column elementor-element elementor-element-4ddc9181\" data-id=\"4ddc9181\" data-element_type=\"column\" data-e-type=\"column\">\n\t\t\t<div class=\"elementor-widget-wrap elementor-element-populated\">\n\t\t\t\t\t\t<div class=\"elementor-element elementor-element-40dd3706 elementor-widget elementor-widget-heading\" data-id=\"40dd3706\" data-element_type=\"widget\" data-e-type=\"widget\" data-widget_type=\"heading.default\">\n\t\t\t\t<div class=\"elementor-widget-container\">\n\t\t\t\t\t<h2 class=\"elementor-heading-title elementor-size-default\">Cont\u00e1ctanos<\/h2>\t\t\t\t<\/div>\n\t\t\t\t<\/div>\n\t\t\t\t<div class=\"elementor-element elementor-element-56c83a7b elementor-widget elementor-widget-text-editor\" data-id=\"56c83a7b\" data-element_type=\"widget\" data-e-type=\"widget\" data-widget_type=\"text-editor.default\">\n\t\t\t\t<div class=\"elementor-widget-container\">\n\t\t\t\t\t\t\t\t\t<p>Rellena el formulario y te responderemos a la brevedad.<\/p><p>Tambi\u00e9n puedes escribirnos a nuestra direcci\u00f3n de correo electr\u00f3nico <a href=\"mailto:reservas@saluartandwine.com\">reservas@saluartandwine.com<\/a>.<\/p><p>O v\u00eda WhatsApp <a href=\"tel:+34627337731\" target=\"_blank\" rel=\"noopener\">+34 627337731<\/a><\/p>\t\t\t\t\t\t\t\t<\/div>\n\t\t\t\t<\/div>\n\t\t\t\t<div class=\"elementor-element elementor-element-5c7b9221 elementor-button-align-stretch elementor-widget elementor-widget-form\" data-id=\"5c7b9221\" data-element_type=\"widget\" data-e-type=\"widget\" data-settings=\"{&quot;step_next_label&quot;:&quot;Siguiente&quot;,&quot;step_previous_label&quot;:&quot;Anterior&quot;,&quot;button_width&quot;:&quot;100&quot;,&quot;dce_confirm_dialog_enabled&quot;:&quot;no&quot;,&quot;step_type&quot;:&quot;number_text&quot;,&quot;step_icon_shape&quot;:&quot;circle&quot;,&quot;label_icon_size&quot;:{&quot;unit&quot;:&quot;px&quot;,&quot;size&quot;:&quot;&quot;,&quot;sizes&quot;:[]},&quot;field_icon_size&quot;:{&quot;unit&quot;:&quot;px&quot;,&quot;size&quot;:&quot;&quot;,&quot;sizes&quot;:[]}}\" data-widget_type=\"form.default\">\n\t\t\t\t<div class=\"elementor-widget-container\">\n\t\t\t\t\t\t\t<form class=\"elementor-form\" method=\"post\" name=\"Formulario Consulta\" aria-label=\"Formulario Consulta\">\n\t\t\t<input type=\"hidden\" name=\"post_id\" value=\"387\"\/>\n\t\t\t<input type=\"hidden\" name=\"form_id\" value=\"5c7b9221\"\/>\n\t\t\t<input type=\"hidden\" name=\"referer_title\" value=\"Nosotras - Salu Art and Wine\" \/>\n\n\t\t\t\t\t\t\t<input type=\"hidden\" name=\"queried_id\" value=\"387\"\/>\n\t\t\t\n\t\t\t<div class=\"elementor-form-fields-wrapper elementor-labels-\">\n\t\t\t\t\t\t\t\t<div class=\"elementor-field-type-text elementor-field-group elementor-column elementor-field-group-name elementor-col-100\">\n\t\t\t\t\t\t\t\t\t\t\t\t<label for=\"form-field-name\" class=\"elementor-field-label elementor-screen-only\">\n\t\t\t\t\t\t\t\tNombre\t\t\t\t\t\t\t<\/label>\n\t\t\t\t\t\t\t\t\t\t\t\t\t\t<input size=\"1\" type=\"text\" name=\"form_fields[name]\" id=\"form-field-name\" class=\"elementor-field elementor-size-sm  elementor-field-textual\" placeholder=\"Nombre\">\n\t\t\t\t\t\t\t\t\t\t\t<\/div>\n\t\t\t\t\t\t\t\t<div class=\"elementor-field-type-email elementor-field-group elementor-column elementor-field-group-email elementor-col-100 elementor-field-required\">\n\t\t\t\t\t\t\t\t\t\t\t\t<label for=\"form-field-email\" class=\"elementor-field-label elementor-screen-only\">\n\t\t\t\t\t\t\t\tEmail\t\t\t\t\t\t\t<\/label>\n\t\t\t\t\t\t\t\t\t\t\t\t\t\t<input size=\"1\" type=\"email\" name=\"form_fields[email]\" id=\"form-field-email\" class=\"elementor-field elementor-size-sm  elementor-field-textual\" placeholder=\"Correo electr\u00f3nico\" required=\"required\">\n\t\t\t\t\t\t\t\t\t\t\t<\/div>\n\t\t\t\t\t\t\t\t<div class=\"elementor-field-type-textarea elementor-field-group elementor-column elementor-field-group-message elementor-col-100\">\n\t\t\t\t\t\t\t\t\t\t\t\t<label for=\"form-field-message\" class=\"elementor-field-label elementor-screen-only\">\n\t\t\t\t\t\t\t\tMessage\t\t\t\t\t\t\t<\/label>\n\t\t\t\t\t\t<textarea class=\"elementor-field-textual elementor-field  elementor-size-sm\" name=\"form_fields[message]\" id=\"form-field-message\" rows=\"4\" placeholder=\"Tu mensaje aqu\u00ed...\"><\/textarea>\t\t\t\t<\/div>\n\t\t\t\t\t\t\t\t<div class=\"elementor-field-type-checkbox elementor-field-group elementor-column elementor-field-group-field_1221096 elementor-col-100\">\n\t\t\t\t\t\t\t\t\t\t\t\t<label for=\"form-field-field_1221096\" class=\"elementor-field-label elementor-screen-only\">\n\t\t\t\t\t\t\t\tAcepto\t\t\t\t\t\t\t<\/label>\n\t\t\t\t\t\t<div class=\"elementor-field-subgroup  \"><span class=\"elementor-field-option\"><input type=\"checkbox\" value=\"Acepto las pol\u00edticas de privacidad y de contacto.\" id=\"form-field-field_1221096-0\" name=\"form_fields[field_1221096]\"> <label for=\"form-field-field_1221096-0\">Acepto las pol\u00edticas de privacidad y de contacto.<\/label><\/span><\/div>\t\t\t\t<\/div>\n\t\t\t\t\t\t\t\t<div class=\"elementor-field-group elementor-column elementor-field-type-submit elementor-col-100 e-form__buttons\">\n\t\t\t\t\t<button class=\"elementor-button elementor-size-md\" type=\"submit\">\n\t\t\t\t\t\t<span class=\"elementor-button-content-wrapper\">\n\t\t\t\t\t\t\t\t\t\t\t\t\t\t\t\t\t\t\t\t\t\t<span class=\"elementor-button-text\">Enviar consulta<\/span>\n\t\t\t\t\t\t\t\t\t\t\t\t\t<\/span>\n\t\t\t\t\t<\/button>\n\t\t\t\t<\/div>\n\t\t\t<\/div>\n\t\t<\/form>\n\t\t\t\t\t\t<\/div>\n\t\t\t\t<\/div>\n\t\t\t\t\t<\/div>\n\t\t<\/div>\n\t\t\t\t<div data-dce-background-color=\"#00000000\" class=\"elementor-column elementor-col-50 elementor-top-column elementor-element elementor-element-1b7be8cb\" data-id=\"1b7be8cb\" data-element_type=\"column\" data-e-type=\"column\" data-settings=\"{&quot;background_background&quot;:&quot;classic&quot;}\">\n\t\t\t<div class=\"elementor-widget-wrap elementor-element-populated\">\n\t\t\t\t\t\t<div class=\"elementor-element elementor-element-65ba033 elementor-widget elementor-widget-html\" data-id=\"65ba033\" data-element_type=\"widget\" data-e-type=\"widget\" data-widget_type=\"html.default\">\n\t\t\t\t<div class=\"elementor-widget-container\">\n\t\t\t\t\t<iframe src=\"https:\/\/www.google.com\/maps\/embed?pb=!1m18!1m12!1m3!1d3080.4353629274824!2d-0.37532118783712115!3d39.459492271491015!2m3!1f0!2f0!3f0!3m2!1i1024!2i768!4f13.1!3m3!1m2!1s0xd604994a1c35fe7%3A0x4b4b9c714ec94c67!2sSalu%20Art%20and%20Wine!5e0!3m2!1ses!2ses!4v1693228531404!5m2!1ses!2ses\" width=\"600\" height=\"600\" style=\"border:0;\" allowfullscreen=\"\" loading=\"lazy\" referrerpolicy=\"no-referrer-when-downgrade\"><\/iframe>\t\t\t\t<\/div>\n\t\t\t\t<\/div>\n\t\t\t\t<div class=\"dce-visibility-element-hidden dce-visibility-original-content elementor-element elementor-element-9a075b3 dce_masking-image elementor-widget__width-initial elementor-widget elementor-widget-image\" data-id=\"9a075b3\" data-element_type=\"widget\" data-e-type=\"widget\" data-settings=\"{&quot;enabled_visibility&quot;:&quot;yes&quot;}\" data-widget_type=\"image.default\">\n\t\t\t\t<div class=\"elementor-widget-container\">\n\t\t\t\t\t\t\t\t\t\t\t\t\t\t\t<img decoding=\"async\" width=\"800\" height=\"240\" src=\"https:\/\/saluartandwine.com\/wp-content\/uploads\/2025\/02\/Salu-Banner-LinkedIn-4-1024x307.png\" class=\"attachment-large size-large wp-image-4721\" alt=\"\" srcset=\"https:\/\/saluartandwine.com\/wp-content\/uploads\/2025\/02\/Salu-Banner-LinkedIn-4-1024x307.png 1024w, https:\/\/saluartandwine.com\/wp-content\/uploads\/2025\/02\/Salu-Banner-LinkedIn-4-300x90.png 300w, https:\/\/saluartandwine.com\/wp-content\/uploads\/2025\/02\/Salu-Banner-LinkedIn-4-768x230.png 768w, https:\/\/saluartandwine.com\/wp-content\/uploads\/2025\/02\/Salu-Banner-LinkedIn-4-18x5.png 18w, https:\/\/saluartandwine.com\/wp-content\/uploads\/2025\/02\/Salu-Banner-LinkedIn-4-600x180.png 600w, https:\/\/saluartandwine.com\/wp-content\/uploads\/2025\/02\/Salu-Banner-LinkedIn-4.png 1250w\" sizes=\"(max-width: 800px) 100vw, 800px\" \/>\t\t\t\t\t\t\t\t\t\t\t\t\t\t\t<\/div>\n\t\t\t\t<\/div>\n\t\t\t\t\t<\/div>\n\t\t<\/div>\n\t\t\t\t\t<\/div>\n\t\t<\/section>\n\t\t\t\t<\/div>\n\t\t","protected":false},"excerpt":{"rendered":"<p>Somos Sal\u00fa Art &amp; Wine Sal\u00fa naci\u00f3 con un prop\u00f3sito: ser una experiencia Art and Wine \u00fanica que permita a todos conectar con su propia creatividad y compartir con otras personas momentos divertidos e inolvidables. Sal\u00fa Art &amp; Wine es un proyecto tan hermoso, que tiene vida propia. Somos un estudio de arte y vino [&hellip;]<\/p>\n","protected":false},"author":2,"featured_media":0,"parent":0,"menu_order":0,"comment_status":"closed","ping_status":"closed","template":"elementor_header_footer","meta":{"_acf_changed":false,"_eb_attr":"","footnotes":""},"class_list":["post-387","page","type-page","status-publish","hentry"],"acf":[],"_links":{"self":[{"href":"https:\/\/saluartandwine.com\/en\/wp-json\/wp\/v2\/pages\/387"}],"collection":[{"href":"https:\/\/saluartandwine.com\/en\/wp-json\/wp\/v2\/pages"}],"about":[{"href":"https:\/\/saluartandwine.com\/en\/wp-json\/wp\/v2\/types\/page"}],"author":[{"embeddable":true,"href":"https:\/\/saluartandwine.com\/en\/wp-json\/wp\/v2\/users\/2"}],"replies":[{"embeddable":true,"href":"https:\/\/saluartandwine.com\/en\/wp-json\/wp\/v2\/comments?post=387"}],"version-history":[{"count":127,"href":"https:\/\/saluartandwine.com\/en\/wp-json\/wp\/v2\/pages\/387\/revisions"}],"predecessor-version":[{"id":4847,"href":"https:\/\/saluartandwine.com\/en\/wp-json\/wp\/v2\/pages\/387\/revisions\/4847"}],"wp:attachment":[{"href":"https:\/\/saluartandwine.com\/en\/wp-json\/wp\/v2\/media?parent=387"}],"curies":[{"name":"wp","href":"https:\/\/api.w.org\/{rel}","templated":true}]}}