{"id":5744,"date":"2026-03-15T19:17:36","date_gmt":"2026-03-15T17:17:36","guid":{"rendered":"https:\/\/saluartandwine.com\/?post_type=product&#038;p=5744"},"modified":"2026-03-30T20:54:11","modified_gmt":"2026-03-30T18:54:11","slug":"art-wine-vlc-lienzo-17-04-2026","status":"publish","type":"product","link":"https:\/\/saluartandwine.com\/en\/product\/art-wine-vlc-lienzo-17-04-2026\/","title":{"rendered":"Lienzo Primavera | Experiencia Sal\u00fa Pintura y Vino Vie 17\/04\/2026 18:30 a 20:30"},"content":{"rendered":"<p data-rm-block-id=\"block-1\">Lienzo Primavera | Experiencia Sal\u00fa Pintura y Vino Vie 17\/04\/2026 18:30 a 20:30<\/p>\n<p data-rm-block-id=\"block-1\">Disfruta de una experiencia \u00fanica de pintura y disfrute del arte y vino en Valencia con Sal\u00fa Art and Wine. En esta experiencia, los participantes tendr\u00e1n la oportunidad de expresar su creatividad mientras compart\u00eds con amigos, parejas y personas nuevas por conocer durante la actividad!<\/p>\n<p data-rm-block-id=\"block-2\">Escoge tu formato favorito y ven a pintar!<\/p>","protected":false},"excerpt":{"rendered":"<p>Lienzo Primavera | Experiencia Sal\u00fa Pintura y Vino Vie 17\/04\/2026 18:30 a 20:30 Disfruta de una experiencia \u00fanica de pintura y disfrute del arte y vino en Valencia con Sal\u00fa Art and Wine. En esta experiencia, los participantes tendr\u00e1n la oportunidad de expresar su creatividad mientras compart\u00eds con amigos, parejas y personas nuevas por conocer [&hellip;]<\/p>\n","protected":false},"featured_media":4871,"comment_status":"open","ping_status":"closed","template":"","meta":{"_acf_changed":false,"_eb_attr":""},"mes-del-evento":[73,66],"product_brand":[],"product_cat":[22],"product_tag":[],"class_list":{"0":"post-5744","1":"product","2":"type-product","3":"status-publish","4":"has-post-thumbnail","6":"mes-del-evento-73","7":"mes-del-evento-abril-2025","8":"product_cat-experiencia-salu","10":"first","11":"instock","12":"sale","13":"shipping-taxable","14":"purchasable","15":"product-type-ticket-event"},"acf":[],"publishpress_future_action":{"enabled":true,"date":"2026-04-17 21:17:00","action":"change-status","newStatus":"draft","terms":[0],"taxonomy":"mes-del-evento"},"_links":{"self":[{"href":"https:\/\/saluartandwine.com\/en\/wp-json\/wp\/v2\/product\/5744"}],"collection":[{"href":"https:\/\/saluartandwine.com\/en\/wp-json\/wp\/v2\/product"}],"about":[{"href":"https:\/\/saluartandwine.com\/en\/wp-json\/wp\/v2\/types\/product"}],"replies":[{"embeddable":true,"href":"https:\/\/saluartandwine.com\/en\/wp-json\/wp\/v2\/comments?post=5744"}],"wp:featuredmedia":[{"embeddable":true,"href":"https:\/\/saluartandwine.com\/en\/wp-json\/wp\/v2\/media\/4871"}],"wp:attachment":[{"href":"https:\/\/saluartandwine.com\/en\/wp-json\/wp\/v2\/media?parent=5744"}],"wp:term":[{"taxonomy":"mes-del-evento","embeddable":true,"href":"https:\/\/saluartandwine.com\/en\/wp-json\/wp\/v2\/mes-del-evento?post=5744"},{"taxonomy":"product_brand","embeddable":true,"href":"https:\/\/saluartandwine.com\/en\/wp-json\/wp\/v2\/product_brand?post=5744"},{"taxonomy":"product_cat","embeddable":true,"href":"https:\/\/saluartandwine.com\/en\/wp-json\/wp\/v2\/product_cat?post=5744"},{"taxonomy":"product_tag","embeddable":true,"href":"https:\/\/saluartandwine.com\/en\/wp-json\/wp\/v2\/product_tag?post=5744"}],"curies":[{"name":"wp","href":"https:\/\/api.w.org\/{rel}","templated":true}]}}