{"id":5747,"date":"2026-03-15T23:02:53","date_gmt":"2026-03-15T21:02:53","guid":{"rendered":"https:\/\/saluartandwine.com\/?post_type=product&#038;p=5747"},"modified":"2026-03-31T20:26:33","modified_gmt":"2026-03-31T18:26:33","slug":"lart-wine-vlc-lettering-24-04-2026","status":"publish","type":"product","link":"https:\/\/saluartandwine.com\/en\/product\/lart-wine-vlc-lettering-24-04-2026\/","title":{"rendered":"Workshop Lettering y Vino!| Vie 24\/04\/2026 18:30 a 21:00h"},"content":{"rendered":"<p>\ud83c\udfa8 <span class=\"font-semibold\" data-streamdown=\"strong\">\u00a1Descubre el arte del Lettering desde cero! \u2728<\/span><\/p>\n<p>\u00bfSiempre te ha llamado la atenci\u00f3n el <em>lettering<\/em> pero no sabes por d\u00f3nde empezar?<br \/>\nEste <span class=\"font-semibold\" data-streamdown=\"strong\">workshop es para ti<\/span>, incluso si nunca has tomado un rotulador o piensas que \u201cno tienes buena letra\u201d.<\/p>\n<p>\ud83d\udd8b\ufe0f <span class=\"font-semibold\" data-streamdown=\"strong\">Aprender\u00e1s:<\/span><\/p>\n<ul class=\"list-inside list-disc whitespace-normal [li_&amp;]:pl-6\" data-streamdown=\"unordered-list\">\n<li class=\"py-1 [&amp;&gt;p]:inline\" data-streamdown=\"list-item\">Los fundamentos del lettering moderno.<\/li>\n<li class=\"py-1 [&amp;&gt;p]:inline\" data-streamdown=\"list-item\">Trazos b\u00e1sicos y t\u00e9cnicas paso a paso.<\/li>\n<li class=\"py-1 [&amp;&gt;p]:inline\" data-streamdown=\"list-item\">C\u00f3mo combinar estilos y crear tus primeras frases con estilo.<\/li>\n<\/ul>\n","protected":false},"excerpt":{"rendered":"<p>\ud83c\udfa8 \u00a1Descubre el arte del Lettering desde cero! \u2728 \u00bfSiempre te ha llamado la atenci\u00f3n el lettering pero no sabes por d\u00f3nde empezar? Este workshop es para ti, incluso si nunca has tomado un rotulador o piensas que \u201cno tienes buena letra\u201d. \ud83d\udd8b\ufe0f Aprender\u00e1s: Los fundamentos del lettering moderno. Trazos b\u00e1sicos y t\u00e9cnicas paso a [&hellip;]<\/p>\n","protected":false},"featured_media":5764,"comment_status":"open","ping_status":"closed","template":"","meta":{"_acf_changed":false,"_eb_attr":""},"mes-del-evento":[66,73],"product_brand":[],"product_cat":[27],"product_tag":[],"class_list":{"0":"post-5747","1":"product","2":"type-product","3":"status-publish","4":"has-post-thumbnail","6":"mes-del-evento-abril-2025","7":"mes-del-evento-73","8":"product_cat-eventos-especiales","10":"first","11":"instock","12":"sale","13":"shipping-taxable","14":"purchasable","15":"product-type-ticket-event"},"acf":[],"publishpress_future_action":{"enabled":true,"date":"2026-04-24 21:02:53","action":"change-status","newStatus":"draft","terms":[0],"taxonomy":"mes-del-evento"},"_links":{"self":[{"href":"https:\/\/saluartandwine.com\/en\/wp-json\/wp\/v2\/product\/5747"}],"collection":[{"href":"https:\/\/saluartandwine.com\/en\/wp-json\/wp\/v2\/product"}],"about":[{"href":"https:\/\/saluartandwine.com\/en\/wp-json\/wp\/v2\/types\/product"}],"replies":[{"embeddable":true,"href":"https:\/\/saluartandwine.com\/en\/wp-json\/wp\/v2\/comments?post=5747"}],"wp:featuredmedia":[{"embeddable":true,"href":"https:\/\/saluartandwine.com\/en\/wp-json\/wp\/v2\/media\/5764"}],"wp:attachment":[{"href":"https:\/\/saluartandwine.com\/en\/wp-json\/wp\/v2\/media?parent=5747"}],"wp:term":[{"taxonomy":"mes-del-evento","embeddable":true,"href":"https:\/\/saluartandwine.com\/en\/wp-json\/wp\/v2\/mes-del-evento?post=5747"},{"taxonomy":"product_brand","embeddable":true,"href":"https:\/\/saluartandwine.com\/en\/wp-json\/wp\/v2\/product_brand?post=5747"},{"taxonomy":"product_cat","embeddable":true,"href":"https:\/\/saluartandwine.com\/en\/wp-json\/wp\/v2\/product_cat?post=5747"},{"taxonomy":"product_tag","embeddable":true,"href":"https:\/\/saluartandwine.com\/en\/wp-json\/wp\/v2\/product_tag?post=5747"}],"curies":[{"name":"wp","href":"https:\/\/api.w.org\/{rel}","templated":true}]}}