{"id":5799,"date":"2026-04-19T20:28:57","date_gmt":"2026-04-19T18:28:57","guid":{"rendered":"https:\/\/saluartandwine.com\/?post_type=product&#038;p=5799"},"modified":"2026-04-19T21:37:07","modified_gmt":"2026-04-19T19:37:07","slug":"art-wine-vlc-pulseras-23-05-2026","status":"publish","type":"product","link":"https:\/\/saluartandwine.com\/en\/product\/art-wine-vlc-pulseras-23-05-2026\/","title":{"rendered":"Pulseras y Burbujas | Experiencia Sal\u00fa Art and Wine S\u00e1b 23\/05\/2026"},"content":{"rendered":"<p>Pulseras y Burbujas | Experiencia Sal\u00fa Art and Wine S\u00e1b 23\/05\/2026 12:00 a 14:00h<\/p>\n<h2 data-path-to-node=\"2\">\ud83e\udd42 Pulseras &amp; Burbujas: El plan que tu creatividad<\/h2>\n<p data-path-to-node=\"4\">\u00bfExiste una combinaci\u00f3n mejor que el dise\u00f1o y el brindis? \u2728\ud83c\udf7e<\/p>\n<p data-path-to-node=\"5\">Te invitamos a una tarde donde el arte se lleva puesto. En nuestra experiencia <b data-path-to-node=\"5\" data-index-in-node=\"79\">Pulseras y Burbujas<\/b>, no solo vendr\u00e1s a crear una pieza \u00fanica de joyer\u00eda artesanal, sino a disfrutar de la efervescencia de una cata exclusiva en el ambiente m\u00e1gico de <b data-path-to-node=\"5\" data-index-in-node=\"246\">Sal\u00fa Art and Wine<\/b>.<\/p>\n<p data-path-to-node=\"6\">Deja que las burbujas inspiren tu dise\u00f1o y que tus manos creen algo inolvidable. \ud83c\udfa8 manualidades, risas y el mejor vino espumoso te esperan.<\/p>\n<p data-path-to-node=\"7\">\ud83d\uddd3 <b data-path-to-node=\"7\" data-index-in-node=\"3\">\u00bfCu\u00e1ndo?<\/b> 23 de mayo de 2026 \ud83d\udccd <b data-path-to-node=\"7\" data-index-in-node=\"34\">\u00bfD\u00f3nde?<\/b> Sal\u00fa Art and Wine \u2728 <b data-path-to-node=\"7\" data-index-in-node=\"62\">\u00bfQu\u00e9 incluye?<\/b> Materiales premium para tu pulsera + Cata guiada de burbujas + Snack gourmet.<\/p>\n<p data-path-to-node=\"8\"><b data-path-to-node=\"8\" data-index-in-node=\"0\">Los cupos son limitados<\/b> (porque las cosas buenas se disfrutan en grupos selectos).<\/p>\n<p data-path-to-node=\"10\">\u00a1Ven a brindar y crear con nosotros! \ud83e\udd42\u2728<\/p>\n<hr data-path-to-node=\"11\" \/>\n<p data-path-to-node=\"12\">#Sal\u00faArtAndWine #PulserasYBurbujas #PlanMadrid #ArteYVino #JewelryWorkshop #ExperienciaSal\u00fa #NetworkingCreativo #VinoEspumoso<\/p>\n<p>&nbsp;<\/p>","protected":false},"excerpt":{"rendered":"<p>Pulseras y Burbujas | Experiencia Sal\u00fa Art and Wine S\u00e1b 23\/05\/2026 12:00 a 14:00h \ud83e\udd42 Pulseras &amp; Burbujas: El plan que tu creatividad \u00bfExiste una combinaci\u00f3n mejor que el dise\u00f1o y el brindis? \u2728\ud83c\udf7e Te invitamos a una tarde donde el arte se lleva puesto. En nuestra experiencia Pulseras y Burbujas, no solo vendr\u00e1s a [&hellip;]<\/p>\n","protected":false},"featured_media":5801,"comment_status":"open","ping_status":"closed","template":"","meta":{"_acf_changed":false,"_eb_attr":""},"mes-del-evento":[73,67],"product_brand":[],"product_cat":[22],"product_tag":[],"class_list":{"0":"post-5799","1":"product","2":"type-product","3":"status-publish","4":"has-post-thumbnail","6":"mes-del-evento-73","7":"mes-del-evento-mayo-2025","8":"product_cat-experiencia-salu","10":"first","11":"instock","12":"sale","13":"shipping-taxable","14":"purchasable","15":"product-type-ticket-event"},"acf":[],"publishpress_future_action":{"enabled":true,"date":"2026-05-23 18:28:57","action":"change-status","newStatus":"draft","terms":[0],"taxonomy":"mes-del-evento"},"_links":{"self":[{"href":"https:\/\/saluartandwine.com\/en\/wp-json\/wp\/v2\/product\/5799"}],"collection":[{"href":"https:\/\/saluartandwine.com\/en\/wp-json\/wp\/v2\/product"}],"about":[{"href":"https:\/\/saluartandwine.com\/en\/wp-json\/wp\/v2\/types\/product"}],"replies":[{"embeddable":true,"href":"https:\/\/saluartandwine.com\/en\/wp-json\/wp\/v2\/comments?post=5799"}],"wp:featuredmedia":[{"embeddable":true,"href":"https:\/\/saluartandwine.com\/en\/wp-json\/wp\/v2\/media\/5801"}],"wp:attachment":[{"href":"https:\/\/saluartandwine.com\/en\/wp-json\/wp\/v2\/media?parent=5799"}],"wp:term":[{"taxonomy":"mes-del-evento","embeddable":true,"href":"https:\/\/saluartandwine.com\/en\/wp-json\/wp\/v2\/mes-del-evento?post=5799"},{"taxonomy":"product_brand","embeddable":true,"href":"https:\/\/saluartandwine.com\/en\/wp-json\/wp\/v2\/product_brand?post=5799"},{"taxonomy":"product_cat","embeddable":true,"href":"https:\/\/saluartandwine.com\/en\/wp-json\/wp\/v2\/product_cat?post=5799"},{"taxonomy":"product_tag","embeddable":true,"href":"https:\/\/saluartandwine.com\/en\/wp-json\/wp\/v2\/product_tag?post=5799"}],"curies":[{"name":"wp","href":"https:\/\/api.w.org\/{rel}","templated":true}]}}